{"id":629,"date":"2024-03-01T10:27:45","date_gmt":"2024-03-01T09:27:45","guid":{"rendered":"https:\/\/lavoutegrans.com\/?page_id=629"},"modified":"2026-02-10T15:24:26","modified_gmt":"2026-02-10T14:24:26","slug":"cartes","status":"publish","type":"page","link":"https:\/\/lavoutegrans.com\/index.php\/cartes\/","title":{"rendered":"Cartes"},"content":{"rendered":"<p>[et_pb_section fb_built=\u00a0\u00bb1&Prime; _builder_version=\u00a0\u00bb4.19.1&Prime; _module_preset=\u00a0\u00bbdefault\u00a0\u00bb background_enable_image=\u00a0\u00bboff\u00a0\u00bb custom_padding=\u00a0\u00bb0px||0px|||\u00a0\u00bb background_last_edited=\u00a0\u00bboff|desktop\u00a0\u00bb background_image_phone=\u00a0\u00bbhttps:\/\/lavoutegrans.com\/wp-content\/uploads\/2024\/03\/Roots-fond-mobile.jpg\u00a0\u00bb background_enable_image_phone=\u00a0\u00bbon\u00a0\u00bb global_colors_info=\u00a0\u00bb{}\u00a0\u00bb][et_pb_row _builder_version=\u00a0\u00bb4.17.4&Prime; _module_preset=\u00a0\u00bbdefault\u00a0\u00bb global_colors_info=\u00a0\u00bb{}\u00a0\u00bb][et_pb_column type=\u00a0\u00bb4_4&Prime; _builder_version=\u00a0\u00bb4.17.4&Prime; _module_preset=\u00a0\u00bbdefault\u00a0\u00bb global_colors_info=\u00a0\u00bb{}\u00a0\u00bb][et_pb_text _builder_version=\u00a0\u00bb4.19.1&Prime; _module_preset=\u00a0\u00bbdefault\u00a0\u00bb header_font=\u00a0\u00bbAbel|||on|||||\u00a0\u00bb header_text_align=\u00a0\u00bbcenter\u00a0\u00bb header_text_color=\u00a0\u00bb#000000&Prime; header_font_size=\u00a0\u00bb53px\u00a0\u00bb custom_margin=\u00a0\u00bb23px||-9px|||\u00a0\u00bb custom_padding=\u00a0\u00bb||14px|||\u00a0\u00bb global_colors_info=\u00a0\u00bb{}\u00a0\u00bb]<\/p>\n<h1>Cartes<\/h1>\n<p>[\/et_pb_text][et_pb_text _builder_version=\u00a0\u00bb4.19.1&Prime; _module_preset=\u00a0\u00bbdefault\u00a0\u00bb text_font=\u00a0\u00bbAbel|700|||||||\u00a0\u00bb text_text_color=\u00a0\u00bb#000000&Prime; text_font_size=\u00a0\u00bb25px\u00a0\u00bb text_line_height=\u00a0\u00bb1.3em\u00a0\u00bb text_orientation=\u00a0\u00bbcenter\u00a0\u00bb animation_style=\u00a0\u00bbfade\u00a0\u00bb global_colors_info=\u00a0\u00bb{}\u00a0\u00bb]<\/p>\n<p style=\"text-align: center;\">D\u00e9couvrez les 2 cartes de La Vo\u00fbte Grans<\/p>\n<p>[\/et_pb_text][\/et_pb_column][\/et_pb_row][et_pb_row column_structure=\u00a0\u00bb1_2,1_2&Prime; use_custom_gutter=\u00a0\u00bbon\u00a0\u00bb gutter_width=\u00a0\u00bb2&Prime; _builder_version=\u00a0\u00bb4.19.1&Prime; _module_preset=\u00a0\u00bbdefault\u00a0\u00bb width=\u00a0\u00bb95%\u00a0\u00bb max_width=\u00a0\u00bb1493px\u00a0\u00bb custom_margin=\u00a0\u00bb|auto|-2px|auto||\u00a0\u00bb custom_padding=\u00a0\u00bb0px||55px|||\u00a0\u00bb global_colors_info=\u00a0\u00bb{}\u00a0\u00bb][et_pb_column type=\u00a0\u00bb1_2&Prime; _builder_version=\u00a0\u00bb4.19.1&Prime; _module_preset=\u00a0\u00bbdefault\u00a0\u00bb global_colors_info=\u00a0\u00bb{}\u00a0\u00bb][et_pb_slider _builder_version=\u00a0\u00bb4.19.1&Prime; _module_preset=\u00a0\u00bbdefault\u00a0\u00bb header_font=\u00a0\u00bbAbel||||||||\u00a0\u00bb header_font_size=\u00a0\u00bb33px\u00a0\u00bb custom_button=\u00a0\u00bbon\u00a0\u00bb button_text_size=\u00a0\u00bb24px\u00a0\u00bb button_font=\u00a0\u00bbAbel|700||on|||||\u00a0\u00bb button_use_icon=\u00a0\u00bboff\u00a0\u00bb custom_padding=\u00a0\u00bb151px||151px||true|false\u00a0\u00bb custom_padding_tablet=\u00a0\u00bb151px||151px||true|false\u00a0\u00bb custom_padding_phone=\u00a0\u00bb70px||70px||true|false\u00a0\u00bb custom_padding_last_edited=\u00a0\u00bbon|desktop\u00a0\u00bb animation_style=\u00a0\u00bbslide\u00a0\u00bb animation_direction=\u00a0\u00bbleft\u00a0\u00bb link_option_url=\u00a0\u00bbhttps:\/\/lavoutegrans.com\/index.php\/carte-dete\/\u00a0\u00bb box_shadow_style=\u00a0\u00bbpreset1&Prime; box_shadow_color=\u00a0\u00bbRGBA(255,255,255,0)\u00a0\u00bb global_colors_info=\u00a0\u00bb{}\u00a0\u00bb transform_styles__hover_enabled=\u00a0\u00bboff|hover\u00a0\u00bb transform_scale__hover_enabled=\u00a0\u00bboff|hover\u00a0\u00bb transform_translate__hover_enabled=\u00a0\u00bboff|hover\u00a0\u00bb transform_rotate__hover_enabled=\u00a0\u00bboff|hover\u00a0\u00bb transform_skew__hover_enabled=\u00a0\u00bboff|hover\u00a0\u00bb transform_origin__hover_enabled=\u00a0\u00bboff|hover\u00a0\u00bb button_bg_color__hover_enabled=\u00a0\u00bbon|hover\u00a0\u00bb button_bg_color__hover=\u00a0\u00bb#FFFFFF\u00a0\u00bb button_bg_enable_color__hover=\u00a0\u00bbon\u00a0\u00bb button_border_color__hover_enabled=\u00a0\u00bbon|hover\u00a0\u00bb button_border_color__hover=\u00a0\u00bb#FFFFFF\u00a0\u00bb button_text_color__hover_enabled=\u00a0\u00bbon|hover\u00a0\u00bb button_text_color__hover=\u00a0\u00bb#000000&Prime; transform_scale__hover=\u00a0\u00bb121%|121%\u00a0\u00bb box_shadow_spread__hover_enabled=\u00a0\u00bbon|hover\u00a0\u00bb box_shadow_spread__hover=\u00a0\u00bb0px\u00a0\u00bb box_shadow_color__hover_enabled=\u00a0\u00bbon|desktop\u00a0\u00bb box_shadow_color__hover=\u00a0\u00bb#000000&Prime;][et_pb_slide heading=\u00a0\u00bbCarte du midi\u00a0\u00bb button_text=\u00a0\u00bbVoir la Carte\u00a0\u00bb button_link=\u00a0\u00bbhttps:\/\/lavoutegrans.com\/index.php\/carte-dete\/\u00a0\u00bb _builder_version=\u00a0\u00bb4.19.1&Prime; _module_preset=\u00a0\u00bbdefault\u00a0\u00bb header_font=\u00a0\u00bbAbel|||on|||||\u00a0\u00bb header_font_size=\u00a0\u00bb57px\u00a0\u00bb header_letter_spacing=\u00a0\u00bb5px\u00a0\u00bb body_font=\u00a0\u00bbAbel|700|||||||\u00a0\u00bb body_font_size=\u00a0\u00bb21px\u00a0\u00bb background_enable_color=\u00a0\u00bboff\u00a0\u00bb background_image=\u00a0\u00bbhttps:\/\/lavoutegrans.com\/wp-content\/uploads\/2024\/03\/Carte-dhiver.jpg\u00a0\u00bb background_enable_image=\u00a0\u00bbon\u00a0\u00bb link_option_url=\u00a0\u00bbhttps:\/\/lavoutegrans.com\/index.php\/carte-dete\/\u00a0\u00bb global_colors_info=\u00a0\u00bb{}\u00a0\u00bb sticky_transition=\u00a0\u00bbon\u00a0\u00bb][\/et_pb_slide][\/et_pb_slider][\/et_pb_column][et_pb_column type=\u00a0\u00bb1_2&Prime; _builder_version=\u00a0\u00bb4.17.4&Prime; _module_preset=\u00a0\u00bbdefault\u00a0\u00bb global_colors_info=\u00a0\u00bb{}\u00a0\u00bb][et_pb_slider _builder_version=\u00a0\u00bb4.19.1&Prime; _module_preset=\u00a0\u00bbdefault\u00a0\u00bb header_font=\u00a0\u00bbAbel||||||||\u00a0\u00bb header_font_size=\u00a0\u00bb33px\u00a0\u00bb custom_button=\u00a0\u00bbon\u00a0\u00bb button_text_size=\u00a0\u00bb24px\u00a0\u00bb button_font=\u00a0\u00bbAbel|700||on|||||\u00a0\u00bb button_use_icon=\u00a0\u00bboff\u00a0\u00bb custom_margin_tablet=\u00a0\u00bb\u00a0\u00bb custom_margin_phone=\u00a0\u00bb-20px||||false|false\u00a0\u00bb custom_margin_last_edited=\u00a0\u00bbon|phone\u00a0\u00bb custom_padding=\u00a0\u00bb151px||151px||true|false\u00a0\u00bb custom_padding_tablet=\u00a0\u00bb151px||151px||true|false\u00a0\u00bb custom_padding_phone=\u00a0\u00bb70px||70px||true|false\u00a0\u00bb custom_padding_last_edited=\u00a0\u00bbon|desktop\u00a0\u00bb animation_style=\u00a0\u00bbslide\u00a0\u00bb animation_direction=\u00a0\u00bbright\u00a0\u00bb link_option_url=\u00a0\u00bbhttps:\/\/lavoutegrans.com\/index.php\/carte-dhiver-2\/\u00a0\u00bb box_shadow_style=\u00a0\u00bbpreset1&Prime; box_shadow_color=\u00a0\u00bbRGBA(255,255,255,0)\u00a0\u00bb global_colors_info=\u00a0\u00bb{}\u00a0\u00bb transform_styles__hover_enabled=\u00a0\u00bboff|hover\u00a0\u00bb transform_scale__hover_enabled=\u00a0\u00bboff|hover\u00a0\u00bb transform_translate__hover_enabled=\u00a0\u00bboff|hover\u00a0\u00bb transform_rotate__hover_enabled=\u00a0\u00bboff|hover\u00a0\u00bb transform_skew__hover_enabled=\u00a0\u00bboff|hover\u00a0\u00bb transform_origin__hover_enabled=\u00a0\u00bboff|hover\u00a0\u00bb button_bg_color__hover_enabled=\u00a0\u00bbon|hover\u00a0\u00bb button_bg_color__hover=\u00a0\u00bb#FFFFFF\u00a0\u00bb button_bg_enable_color__hover=\u00a0\u00bbon\u00a0\u00bb button_border_color__hover_enabled=\u00a0\u00bbon|hover\u00a0\u00bb button_border_color__hover=\u00a0\u00bb#FFFFFF\u00a0\u00bb button_text_color__hover_enabled=\u00a0\u00bbon|hover\u00a0\u00bb button_text_color__hover=\u00a0\u00bb#000000&Prime; transform_scale__hover=\u00a0\u00bb121%|121%\u00a0\u00bb box_shadow_spread__hover_enabled=\u00a0\u00bbon|hover\u00a0\u00bb box_shadow_spread__hover=\u00a0\u00bb0px\u00a0\u00bb box_shadow_color__hover_enabled=\u00a0\u00bbon|desktop\u00a0\u00bb box_shadow_color__hover=\u00a0\u00bb#000000&Prime;][et_pb_slide heading=\u00a0\u00bbCarte week-end\u00a0\u00bb button_text=\u00a0\u00bbVoir la Carte\u00a0\u00bb button_link=\u00a0\u00bbhttps:\/\/lavoutegrans.com\/index.php\/carte-dhiver-2\/\u00a0\u00bb _builder_version=\u00a0\u00bb4.19.1&Prime; _module_preset=\u00a0\u00bbdefault\u00a0\u00bb header_font=\u00a0\u00bbAbel|||on|||||\u00a0\u00bb header_font_size=\u00a0\u00bb57px\u00a0\u00bb header_letter_spacing=\u00a0\u00bb5px\u00a0\u00bb body_font=\u00a0\u00bbAbel|700|||||||\u00a0\u00bb body_font_size=\u00a0\u00bb21px\u00a0\u00bb background_enable_color=\u00a0\u00bboff\u00a0\u00bb background_image=\u00a0\u00bbhttps:\/\/lavoutegrans.com\/wp-content\/uploads\/2024\/03\/Carte-dhiver-La-Voute-1.jpg\u00a0\u00bb background_enable_image=\u00a0\u00bbon\u00a0\u00bb link_option_url=\u00a0\u00bbhttps:\/\/lavoutegrans.com\/index.php\/carte-dhiver-2\/\u00a0\u00bb hover_enabled=\u00a0\u00bb0&Prime; global_colors_info=\u00a0\u00bb{}\u00a0\u00bb sticky_transition=\u00a0\u00bbon\u00a0\u00bb sticky_enabled=\u00a0\u00bb0&Prime;][\/et_pb_slide][\/et_pb_slider][\/et_pb_column][\/et_pb_row][\/et_pb_section]<\/p>\n","protected":false},"excerpt":{"rendered":"<p>CartesD\u00e9couvrez les 2 cartes de La Vo\u00fbte Grans<\/p>\n","protected":false},"author":1,"featured_media":0,"parent":0,"menu_order":0,"comment_status":"closed","ping_status":"closed","template":"","meta":{"_et_pb_use_builder":"on","_et_pb_old_content":"","_et_gb_content_width":"","_monsterinsights_skip_tracking":false,"_monsterinsights_sitenote_active":false,"_monsterinsights_sitenote_note":"","_monsterinsights_sitenote_category":0,"footnotes":""},"class_list":["post-629","page","type-page","status-publish","hentry"],"yoast_head":"<!-- This site is optimized with the Yoast SEO plugin v26.8 - https:\/\/yoast.com\/product\/yoast-seo-wordpress\/ -->\n<title>Cartes - La Vo\u00fbte Grans<\/title>\n<meta name=\"robots\" content=\"index, follow, max-snippet:-1, max-image-preview:large, max-video-preview:-1\" \/>\n<link rel=\"canonical\" href=\"https:\/\/lavoutegrans.com\/index.php\/cartes\/\" \/>\n<meta property=\"og:locale\" content=\"fr_FR\" \/>\n<meta property=\"og:type\" content=\"article\" \/>\n<meta property=\"og:title\" content=\"Cartes - La Vo\u00fbte Grans\" \/>\n<meta property=\"og:description\" content=\"CartesD\u00e9couvrez les 2 cartes de La Vo\u00fbte Grans\" \/>\n<meta property=\"og:url\" content=\"https:\/\/lavoutegrans.com\/index.php\/cartes\/\" \/>\n<meta property=\"og:site_name\" content=\"La Vo\u00fbte Grans\" \/>\n<meta property=\"article:publisher\" content=\"https:\/\/www.facebook.com\/lavoute13450\" \/>\n<meta property=\"article:modified_time\" content=\"2026-02-10T14:24:26+00:00\" \/>\n<meta name=\"twitter:card\" content=\"summary_large_image\" \/>\n<script type=\"application\/ld+json\" class=\"yoast-schema-graph\">{\"@context\":\"https:\/\/schema.org\",\"@graph\":[{\"@type\":\"WebPage\",\"@id\":\"https:\/\/lavoutegrans.com\/index.php\/cartes\/\",\"url\":\"https:\/\/lavoutegrans.com\/index.php\/cartes\/\",\"name\":\"Cartes - La Vo\u00fbte Grans\",\"isPartOf\":{\"@id\":\"https:\/\/lavoutegrans.com\/#website\"},\"datePublished\":\"2024-03-01T09:27:45+00:00\",\"dateModified\":\"2026-02-10T14:24:26+00:00\",\"breadcrumb\":{\"@id\":\"https:\/\/lavoutegrans.com\/index.php\/cartes\/#breadcrumb\"},\"inLanguage\":\"fr-FR\",\"potentialAction\":[{\"@type\":\"ReadAction\",\"target\":[\"https:\/\/lavoutegrans.com\/index.php\/cartes\/\"]}]},{\"@type\":\"BreadcrumbList\",\"@id\":\"https:\/\/lavoutegrans.com\/index.php\/cartes\/#breadcrumb\",\"itemListElement\":[{\"@type\":\"ListItem\",\"position\":1,\"name\":\"Accueil\",\"item\":\"https:\/\/lavoutegrans.com\/\"},{\"@type\":\"ListItem\",\"position\":2,\"name\":\"Cartes\"}]},{\"@type\":\"WebSite\",\"@id\":\"https:\/\/lavoutegrans.com\/#website\",\"url\":\"https:\/\/lavoutegrans.com\/\",\"name\":\"La Vo\u00fbte Grans\",\"description\":\"Bar \u00e0 vin Grans\",\"publisher\":{\"@id\":\"https:\/\/lavoutegrans.com\/#organization\"},\"potentialAction\":[{\"@type\":\"SearchAction\",\"target\":{\"@type\":\"EntryPoint\",\"urlTemplate\":\"https:\/\/lavoutegrans.com\/?s={search_term_string}\"},\"query-input\":{\"@type\":\"PropertyValueSpecification\",\"valueRequired\":true,\"valueName\":\"search_term_string\"}}],\"inLanguage\":\"fr-FR\"},{\"@type\":\"Organization\",\"@id\":\"https:\/\/lavoutegrans.com\/#organization\",\"name\":\"La Vo\u00fbte Grans\",\"url\":\"https:\/\/lavoutegrans.com\/\",\"logo\":{\"@type\":\"ImageObject\",\"inLanguage\":\"fr-FR\",\"@id\":\"https:\/\/lavoutegrans.com\/#\/schema\/logo\/image\/\",\"url\":\"https:\/\/lavoutegrans.com\/wp-content\/uploads\/2023\/03\/Logo-La-Voute-Grans-1.png\",\"contentUrl\":\"https:\/\/lavoutegrans.com\/wp-content\/uploads\/2023\/03\/Logo-La-Voute-Grans-1.png\",\"width\":600,\"height\":600,\"caption\":\"La Vo\u00fbte Grans\"},\"image\":{\"@id\":\"https:\/\/lavoutegrans.com\/#\/schema\/logo\/image\/\"},\"sameAs\":[\"https:\/\/www.facebook.com\/lavoute13450\",\"https:\/\/www.instagram.com\/la_voute_grans\/\"]}]}<\/script>\n<!-- \/ Yoast SEO plugin. -->","yoast_head_json":{"title":"Cartes - La Vo\u00fbte Grans","robots":{"index":"index","follow":"follow","max-snippet":"max-snippet:-1","max-image-preview":"max-image-preview:large","max-video-preview":"max-video-preview:-1"},"canonical":"https:\/\/lavoutegrans.com\/index.php\/cartes\/","og_locale":"fr_FR","og_type":"article","og_title":"Cartes - La Vo\u00fbte Grans","og_description":"CartesD\u00e9couvrez les 2 cartes de La Vo\u00fbte Grans","og_url":"https:\/\/lavoutegrans.com\/index.php\/cartes\/","og_site_name":"La Vo\u00fbte Grans","article_publisher":"https:\/\/www.facebook.com\/lavoute13450","article_modified_time":"2026-02-10T14:24:26+00:00","twitter_card":"summary_large_image","schema":{"@context":"https:\/\/schema.org","@graph":[{"@type":"WebPage","@id":"https:\/\/lavoutegrans.com\/index.php\/cartes\/","url":"https:\/\/lavoutegrans.com\/index.php\/cartes\/","name":"Cartes - La Vo\u00fbte Grans","isPartOf":{"@id":"https:\/\/lavoutegrans.com\/#website"},"datePublished":"2024-03-01T09:27:45+00:00","dateModified":"2026-02-10T14:24:26+00:00","breadcrumb":{"@id":"https:\/\/lavoutegrans.com\/index.php\/cartes\/#breadcrumb"},"inLanguage":"fr-FR","potentialAction":[{"@type":"ReadAction","target":["https:\/\/lavoutegrans.com\/index.php\/cartes\/"]}]},{"@type":"BreadcrumbList","@id":"https:\/\/lavoutegrans.com\/index.php\/cartes\/#breadcrumb","itemListElement":[{"@type":"ListItem","position":1,"name":"Accueil","item":"https:\/\/lavoutegrans.com\/"},{"@type":"ListItem","position":2,"name":"Cartes"}]},{"@type":"WebSite","@id":"https:\/\/lavoutegrans.com\/#website","url":"https:\/\/lavoutegrans.com\/","name":"La Vo\u00fbte Grans","description":"Bar \u00e0 vin Grans","publisher":{"@id":"https:\/\/lavoutegrans.com\/#organization"},"potentialAction":[{"@type":"SearchAction","target":{"@type":"EntryPoint","urlTemplate":"https:\/\/lavoutegrans.com\/?s={search_term_string}"},"query-input":{"@type":"PropertyValueSpecification","valueRequired":true,"valueName":"search_term_string"}}],"inLanguage":"fr-FR"},{"@type":"Organization","@id":"https:\/\/lavoutegrans.com\/#organization","name":"La Vo\u00fbte Grans","url":"https:\/\/lavoutegrans.com\/","logo":{"@type":"ImageObject","inLanguage":"fr-FR","@id":"https:\/\/lavoutegrans.com\/#\/schema\/logo\/image\/","url":"https:\/\/lavoutegrans.com\/wp-content\/uploads\/2023\/03\/Logo-La-Voute-Grans-1.png","contentUrl":"https:\/\/lavoutegrans.com\/wp-content\/uploads\/2023\/03\/Logo-La-Voute-Grans-1.png","width":600,"height":600,"caption":"La Vo\u00fbte Grans"},"image":{"@id":"https:\/\/lavoutegrans.com\/#\/schema\/logo\/image\/"},"sameAs":["https:\/\/www.facebook.com\/lavoute13450","https:\/\/www.instagram.com\/la_voute_grans\/"]}]}},"_links":{"self":[{"href":"https:\/\/lavoutegrans.com\/index.php\/wp-json\/wp\/v2\/pages\/629","targetHints":{"allow":["GET"]}}],"collection":[{"href":"https:\/\/lavoutegrans.com\/index.php\/wp-json\/wp\/v2\/pages"}],"about":[{"href":"https:\/\/lavoutegrans.com\/index.php\/wp-json\/wp\/v2\/types\/page"}],"author":[{"embeddable":true,"href":"https:\/\/lavoutegrans.com\/index.php\/wp-json\/wp\/v2\/users\/1"}],"replies":[{"embeddable":true,"href":"https:\/\/lavoutegrans.com\/index.php\/wp-json\/wp\/v2\/comments?post=629"}],"version-history":[{"count":15,"href":"https:\/\/lavoutegrans.com\/index.php\/wp-json\/wp\/v2\/pages\/629\/revisions"}],"predecessor-version":[{"id":937,"href":"https:\/\/lavoutegrans.com\/index.php\/wp-json\/wp\/v2\/pages\/629\/revisions\/937"}],"wp:attachment":[{"href":"https:\/\/lavoutegrans.com\/index.php\/wp-json\/wp\/v2\/media?parent=629"}],"curies":[{"name":"wp","href":"https:\/\/api.w.org\/{rel}","templated":true}]}}